{"id":28,"date":"2023-05-19T05:44:57","date_gmt":"2023-05-19T05:44:57","guid":{"rendered":"https:\/\/ponsglobal.org\/?page_id=28"},"modified":"2023-07-15T00:14:08","modified_gmt":"2023-07-15T00:14:08","slug":"donar-ahora","status":"publish","type":"page","link":"https:\/\/ponsglobal.org\/en\/donar-ahora\/","title":{"rendered":"Donate"},"content":{"rendered":"<div data-elementor-type=\"wp-page\" data-elementor-id=\"28\" class=\"elementor elementor-28\" data-elementor-post-type=\"page\">\n\t\t\t\t\t\t<section class=\"elementor-section elementor-top-section elementor-element elementor-element-78d63bc elementor-section-full_width elementor-section-height-min-height elementor-section-stretched elementor-section-height-default elementor-section-items-middle\" data-id=\"78d63bc\" data-element_type=\"section\" data-settings=\"{&quot;stretch_section&quot;:&quot;section-stretched&quot;,&quot;background_background&quot;:&quot;classic&quot;}\">\n\t\t\t\t\t\t<div class=\"elementor-container elementor-column-gap-default\">\n\t\t\t\t\t<div class=\"elementor-column elementor-col-100 elementor-top-column elementor-element elementor-element-2ebb77e\" data-id=\"2ebb77e\" data-element_type=\"column\">\n\t\t\t<div class=\"elementor-widget-wrap elementor-element-populated\">\n\t\t\t\t\t\t<div class=\"elementor-element elementor-element-ae5b47f elementor-widget__width-initial elementor-widget elementor-widget-heading\" data-id=\"ae5b47f\" data-element_type=\"widget\" data-widget_type=\"heading.default\">\n\t\t\t\t<div class=\"elementor-widget-container\">\n\t\t\t\t\t<h4 class=\"elementor-heading-title elementor-size-default\">Donate now<\/h4>\t\t\t\t<\/div>\n\t\t\t\t<\/div>\n\t\t\t\t\t<\/div>\n\t\t<\/div>\n\t\t\t\t\t<\/div>\n\t\t<\/section>\n\t\t\t\t<section class=\"elementor-section elementor-top-section elementor-element elementor-element-c30c603 elementor-section-boxed elementor-section-height-default elementor-section-height-default\" data-id=\"c30c603\" data-element_type=\"section\">\n\t\t\t\t\t\t<div class=\"elementor-container elementor-column-gap-default\">\n\t\t\t\t\t<div class=\"elementor-column elementor-col-100 elementor-top-column elementor-element elementor-element-50ebb16\" data-id=\"50ebb16\" data-element_type=\"column\">\n\t\t\t<div class=\"elementor-widget-wrap elementor-element-populated\">\n\t\t\t\t\t\t<div class=\"elementor-element elementor-element-8a31546 elementor-widget__width-initial elementor-widget elementor-widget-shortcode\" data-id=\"8a31546\" data-element_type=\"widget\" data-widget_type=\"shortcode.default\">\n\t\t\t\t<div class=\"elementor-widget-container\">\n\t\t\t\t\t\t\t<div class=\"elementor-shortcode\"><style type=\"text\/css\" media=\"screen\">\n@media only screen and (max-width: 768px) {\n\t.campaign-loop.campaign-grid.masonry { -moz-column-count: 1; -webkit-column-count: 1; column-count: 1; }\n\t.campaign-loop.campaign-grid .campaign,.campaign-loop.campaign-grid .campaign.hentry { width: 100% !important; }\n}\n<\/style>\n\t\t<ol class=\"campaign-loop campaign-grid campaign-grid-2\">\n\n<li id=\"campaign-654\" class=\"post-654 campaign type-campaign status-publish hentry campaign-has-no-goal campaign-is-endless\">\n\t<a href=\"https:\/\/ponsglobal.org\/en\/campaigns\/donaciones\/\">\n\t\t\n\t\t<h3>Donaciones<\/h3>\n\n\t\t\t<\/a>\n\t<div class=\"campaign-description\">\n\t<p>Programa Operaci\u00f3n Ni\u00f1os Saludables \u00a1Ayuda a nuestra organizaci\u00f3n donando hoy! Todas las donaciones van directamente a hacer una diferencia para nuestra causa. &nbsp; \u00bfCu\u00e1nto le gustar\u00eda donar? Como colaborador de PONS, nos aseguramos de que su donaci\u00f3n vaya directamente a apoyar nuestra causa.<\/p>\n<\/div>\n<div class=\"campaign-donation-stats\">\n<\/div>\n<div class=\"campaign-donation\">\n\t<a data-trigger-modal=\"charitable-donation-form-modal-loop\"\n\t\tdata-campaign-id=\"654\"\n\t\tclass=\"button charitable-button donate-button button-primary\"\n\t\thref=\"https:\/\/ponsglobal.org\/en\/campaigns\/donaciones\/donate\/\"\n\t\t\t\taria-label=\"Make a donation to Donaciones\">\n\t\tDonate\t<\/a>\n<\/div>\n<\/li>\n<\/ol>\n<\/div>\n\t\t\t\t\t\t<\/div>\n\t\t\t\t<\/div>\n\t\t\t\t\t<\/div>\n\t\t<\/div>\n\t\t\t\t\t<\/div>\n\t\t<\/section>\n\t\t\t\t<\/div>","protected":false},"excerpt":{"rendered":"<p>Donate now<\/p>","protected":false},"author":1,"featured_media":0,"parent":0,"menu_order":0,"comment_status":"closed","ping_status":"closed","template":"","meta":{"footnotes":""},"class_list":["post-28","page","type-page","status-publish","hentry","campaign-has-no-goal","campaign-is-endless"],"_links":{"self":[{"href":"https:\/\/ponsglobal.org\/en\/wp-json\/wp\/v2\/pages\/28","targetHints":{"allow":["GET"]}}],"collection":[{"href":"https:\/\/ponsglobal.org\/en\/wp-json\/wp\/v2\/pages"}],"about":[{"href":"https:\/\/ponsglobal.org\/en\/wp-json\/wp\/v2\/types\/page"}],"author":[{"embeddable":true,"href":"https:\/\/ponsglobal.org\/en\/wp-json\/wp\/v2\/users\/1"}],"replies":[{"embeddable":true,"href":"https:\/\/ponsglobal.org\/en\/wp-json\/wp\/v2\/comments?post=28"}],"version-history":[{"count":46,"href":"https:\/\/ponsglobal.org\/en\/wp-json\/wp\/v2\/pages\/28\/revisions"}],"predecessor-version":[{"id":1310,"href":"https:\/\/ponsglobal.org\/en\/wp-json\/wp\/v2\/pages\/28\/revisions\/1310"}],"wp:attachment":[{"href":"https:\/\/ponsglobal.org\/en\/wp-json\/wp\/v2\/media?parent=28"}],"curies":[{"name":"wp","href":"https:\/\/api.w.org\/{rel}","templated":true}]}}