{"id":20,"date":"2023-05-19T05:35:57","date_gmt":"2023-05-19T05:35:57","guid":{"rendered":"https:\/\/ponsglobal.org\/?page_id=20"},"modified":"2023-07-10T20:07:06","modified_gmt":"2023-07-10T20:07:06","slug":"historia","status":"publish","type":"page","link":"https:\/\/ponsglobal.org\/en\/historia\/","title":{"rendered":"History"},"content":{"rendered":"<div data-elementor-type=\"wp-page\" data-elementor-id=\"20\" class=\"elementor elementor-20\" data-elementor-post-type=\"page\">\n\t\t\t\t\t\t<section class=\"elementor-section elementor-top-section elementor-element elementor-element-a20e9a7 elementor-section-full_width elementor-section-height-min-height elementor-section-stretched elementor-section-height-default elementor-section-items-middle\" data-id=\"a20e9a7\" data-element_type=\"section\" data-settings=\"{&quot;stretch_section&quot;:&quot;section-stretched&quot;,&quot;background_background&quot;:&quot;classic&quot;}\">\n\t\t\t\t\t\t<div class=\"elementor-container elementor-column-gap-default\">\n\t\t\t\t\t<div class=\"elementor-column elementor-col-100 elementor-top-column elementor-element elementor-element-a9d1088\" data-id=\"a9d1088\" data-element_type=\"column\">\n\t\t\t<div class=\"elementor-widget-wrap elementor-element-populated\">\n\t\t\t\t\t\t<div class=\"elementor-element elementor-element-7150a0f elementor-widget__width-initial elementor-widget elementor-widget-heading\" data-id=\"7150a0f\" data-element_type=\"widget\" data-widget_type=\"heading.default\">\n\t\t\t\t<div class=\"elementor-widget-container\">\n\t\t\t\t\t<h4 class=\"elementor-heading-title elementor-size-default\">History<\/h4>\t\t\t\t<\/div>\n\t\t\t\t<\/div>\n\t\t\t\t\t<\/div>\n\t\t<\/div>\n\t\t\t\t\t<\/div>\n\t\t<\/section>\n\t\t\t\t<section class=\"elementor-section elementor-top-section elementor-element elementor-element-496a21d elementor-section-boxed elementor-section-height-default elementor-section-height-default\" data-id=\"496a21d\" data-element_type=\"section\">\n\t\t\t\t\t\t<div class=\"elementor-container elementor-column-gap-default\">\n\t\t\t\t\t<div class=\"elementor-column elementor-col-50 elementor-top-column elementor-element elementor-element-7f04d48\" data-id=\"7f04d48\" data-element_type=\"column\">\n\t\t\t<div class=\"elementor-widget-wrap elementor-element-populated\">\n\t\t\t\t\t\t<div class=\"elementor-element elementor-element-94a1795 elementor-widget__width-initial elementor-widget elementor-widget-image\" data-id=\"94a1795\" data-element_type=\"widget\" data-widget_type=\"image.default\">\n\t\t\t\t<div class=\"elementor-widget-container\">\n\t\t\t\t\t\t\t\t\t\t\t\t\t\t\t<img fetchpriority=\"high\" decoding=\"async\" width=\"800\" height=\"600\" src=\"https:\/\/ponsglobal.org\/wp-content\/uploads\/2023\/05\/Copia-de-Copia-de-WhatsApp-Image-2021-04-10-at-12.48.32-PM.webp\" class=\"attachment-large size-large wp-image-331\" alt=\"\" srcset=\"https:\/\/ponsglobal.org\/wp-content\/uploads\/2023\/05\/Copia-de-Copia-de-WhatsApp-Image-2021-04-10-at-12.48.32-PM.webp 1024w, https:\/\/ponsglobal.org\/wp-content\/uploads\/2023\/05\/Copia-de-Copia-de-WhatsApp-Image-2021-04-10-at-12.48.32-PM-300x225.webp 300w, https:\/\/ponsglobal.org\/wp-content\/uploads\/2023\/05\/Copia-de-Copia-de-WhatsApp-Image-2021-04-10-at-12.48.32-PM-768x576.webp 768w\" sizes=\"(max-width: 800px) 100vw, 800px\" \/>\t\t\t\t\t\t\t\t\t\t\t\t\t\t\t<\/div>\n\t\t\t\t<\/div>\n\t\t\t\t\t<\/div>\n\t\t<\/div>\n\t\t\t\t<div class=\"elementor-column elementor-col-50 elementor-top-column elementor-element elementor-element-3610dcd\" data-id=\"3610dcd\" data-element_type=\"column\">\n\t\t\t<div class=\"elementor-widget-wrap elementor-element-populated\">\n\t\t\t\t\t\t<div class=\"elementor-element elementor-element-a3d4f20 elementor-widget elementor-widget-text-editor\" data-id=\"a3d4f20\" data-element_type=\"widget\" data-widget_type=\"text-editor.default\">\n\t\t\t\t<div class=\"elementor-widget-container\">\n\t\t\t\t\t\t\t\t\t<p>Operation Thrive began in 2010 in the north of Quito, when Pastor Santiago Bustos and his wife saw some children playing and looking for food in the wasteland opposite their house. They began to invite them into their home, offer them food and clothing and tell them of God's love. The number of children grew and so they moved the project to the church where they could meet their needs in a more holistic way. The project is now in its thirteenth year of serving this vulnerable population.<\/p>\t\t\t\t\t\t\t\t<\/div>\n\t\t\t\t<\/div>\n\t\t\t\t\t<\/div>\n\t\t<\/div>\n\t\t\t\t\t<\/div>\n\t\t<\/section>\n\t\t\t\t<section class=\"elementor-section elementor-top-section elementor-element elementor-element-b8f198d elementor-section-boxed elementor-section-height-default elementor-section-height-default\" data-id=\"b8f198d\" data-element_type=\"section\">\n\t\t\t\t\t\t<div class=\"elementor-container elementor-column-gap-default\">\n\t\t\t\t\t<div class=\"elementor-column elementor-col-50 elementor-top-column elementor-element elementor-element-c7c2dbe\" data-id=\"c7c2dbe\" data-element_type=\"column\">\n\t\t\t<div class=\"elementor-widget-wrap elementor-element-populated\">\n\t\t\t\t\t\t<div class=\"elementor-element elementor-element-224b7ba elementor-headline--style-highlight elementor-widget elementor-widget-animated-headline\" data-id=\"224b7ba\" data-element_type=\"widget\" data-settings=\"{&quot;marker&quot;:&quot;underline&quot;,&quot;highlighted_text&quot;:&quot;\\&quot;Operaci\\u00f3n Ni\\u00f1os Saludables\\&quot; &quot;,&quot;highlight_iteration_delay&quot;:2500,&quot;headline_style&quot;:&quot;highlight&quot;,&quot;loop&quot;:&quot;yes&quot;,&quot;highlight_animation_duration&quot;:1200}\" data-widget_type=\"animated-headline.default\">\n\t\t\t\t<div class=\"elementor-widget-container\">\n\t\t\t\t\t\t\t<h2 class=\"elementor-headline\">\n\t\t\t\t\t<span class=\"elementor-headline-plain-text elementor-headline-text-wrapper\">The Programme<\/span>\n\t\t\t\t<span class=\"elementor-headline-dynamic-wrapper elementor-headline-text-wrapper\">\n\t\t\t\t\t<span class=\"elementor-headline-dynamic-text elementor-headline-text-active\">\"Operation Thrive\" <\/span>\n\t\t\t\t<\/span>\n\t\t\t\t\t<span class=\"elementor-headline-plain-text elementor-headline-text-wrapper\">is our response to our prayer to serve the most vulnerable in our society.<\/span>\n\t\t\t\t\t<\/h2>\n\t\t\t\t\t\t<\/div>\n\t\t\t\t<\/div>\n\t\t\t\t\t<\/div>\n\t\t<\/div>\n\t\t\t\t<div class=\"elementor-column elementor-col-50 elementor-top-column elementor-element elementor-element-e7ebbfc\" data-id=\"e7ebbfc\" data-element_type=\"column\">\n\t\t\t<div class=\"elementor-widget-wrap elementor-element-populated\">\n\t\t\t\t\t\t<div class=\"elementor-element elementor-element-dc0471e elementor-widget elementor-widget-image\" data-id=\"dc0471e\" data-element_type=\"widget\" data-widget_type=\"image.default\">\n\t\t\t\t<div class=\"elementor-widget-container\">\n\t\t\t\t\t\t\t\t\t\t\t\t\t\t\t<img decoding=\"async\" width=\"800\" height=\"534\" src=\"https:\/\/ponsglobal.org\/wp-content\/uploads\/2023\/06\/MG_3677-1024x683.webp\" class=\"attachment-large size-large wp-image-844\" alt=\"\" srcset=\"https:\/\/ponsglobal.org\/wp-content\/uploads\/2023\/06\/MG_3677-1024x683.webp 1024w, https:\/\/ponsglobal.org\/wp-content\/uploads\/2023\/06\/MG_3677-300x200.webp 300w, https:\/\/ponsglobal.org\/wp-content\/uploads\/2023\/06\/MG_3677-768x512.webp 768w, https:\/\/ponsglobal.org\/wp-content\/uploads\/2023\/06\/MG_3677-1536x1024.webp 1536w, https:\/\/ponsglobal.org\/wp-content\/uploads\/2023\/06\/MG_3677-2048x1365.webp 2048w, https:\/\/ponsglobal.org\/wp-content\/uploads\/2023\/06\/MG_3677-18x12.webp 18w\" sizes=\"(max-width: 800px) 100vw, 800px\" \/>\t\t\t\t\t\t\t\t\t\t\t\t\t\t\t<\/div>\n\t\t\t\t<\/div>\n\t\t\t\t\t<\/div>\n\t\t<\/div>\n\t\t\t\t\t<\/div>\n\t\t<\/section>\n\t\t\t\t<\/div>","protected":false},"excerpt":{"rendered":"<p>Historia El Programa Operaci\u00f3n Ni\u00f1os Saludables (PONS) tuvo sus principios en el a\u00f1o 2010 en un sector del norte de Quito cuando el Pastor Santiago Bustos y su esposa observaron unos ni\u00f1os jugando y buscando comida en la quebrada enfrente de su casa. Empezaron a invitarles a su casa, ofrecerles alimentos y ropa y hablarles [&hellip;]<\/p>","protected":false},"author":1,"featured_media":0,"parent":0,"menu_order":0,"comment_status":"closed","ping_status":"closed","template":"","meta":{"footnotes":""},"class_list":["post-20","page","type-page","status-publish","hentry"],"_links":{"self":[{"href":"https:\/\/ponsglobal.org\/en\/wp-json\/wp\/v2\/pages\/20","targetHints":{"allow":["GET"]}}],"collection":[{"href":"https:\/\/ponsglobal.org\/en\/wp-json\/wp\/v2\/pages"}],"about":[{"href":"https:\/\/ponsglobal.org\/en\/wp-json\/wp\/v2\/types\/page"}],"author":[{"embeddable":true,"href":"https:\/\/ponsglobal.org\/en\/wp-json\/wp\/v2\/users\/1"}],"replies":[{"embeddable":true,"href":"https:\/\/ponsglobal.org\/en\/wp-json\/wp\/v2\/comments?post=20"}],"version-history":[{"count":25,"href":"https:\/\/ponsglobal.org\/en\/wp-json\/wp\/v2\/pages\/20\/revisions"}],"predecessor-version":[{"id":1278,"href":"https:\/\/ponsglobal.org\/en\/wp-json\/wp\/v2\/pages\/20\/revisions\/1278"}],"wp:attachment":[{"href":"https:\/\/ponsglobal.org\/en\/wp-json\/wp\/v2\/media?parent=20"}],"curies":[{"name":"wp","href":"https:\/\/api.w.org\/{rel}","templated":true}]}}