{"id":19,"date":"2023-05-19T05:35:35","date_gmt":"2023-05-19T05:35:35","guid":{"rendered":"https:\/\/ponsglobal.org\/?page_id=19"},"modified":"2023-07-10T19:47:11","modified_gmt":"2023-07-10T19:47:11","slug":"mision-y-vision","status":"publish","type":"page","link":"https:\/\/ponsglobal.org\/en\/mision-y-vision\/","title":{"rendered":"Mission and Vision"},"content":{"rendered":"<div data-elementor-type=\"wp-page\" data-elementor-id=\"19\" class=\"elementor elementor-19\" data-elementor-post-type=\"page\">\n\t\t\t\t\t\t<section class=\"elementor-section elementor-top-section elementor-element elementor-element-52e353f elementor-section-full_width elementor-section-height-min-height elementor-section-stretched elementor-section-height-default elementor-section-items-middle\" data-id=\"52e353f\" data-element_type=\"section\" data-settings=\"{&quot;stretch_section&quot;:&quot;section-stretched&quot;,&quot;background_background&quot;:&quot;classic&quot;}\">\n\t\t\t\t\t\t<div class=\"elementor-container elementor-column-gap-default\">\n\t\t\t\t\t<div class=\"elementor-column elementor-col-100 elementor-top-column elementor-element elementor-element-46262f9\" data-id=\"46262f9\" data-element_type=\"column\">\n\t\t\t<div class=\"elementor-widget-wrap elementor-element-populated\">\n\t\t\t\t\t\t<div class=\"elementor-element elementor-element-27704f3 elementor-widget__width-initial elementor-widget elementor-widget-heading\" data-id=\"27704f3\" data-element_type=\"widget\" data-widget_type=\"heading.default\">\n\t\t\t\t<div class=\"elementor-widget-container\">\n\t\t\t\t\t<h4 class=\"elementor-heading-title elementor-size-default\">Mission and Vision<\/h4>\t\t\t\t<\/div>\n\t\t\t\t<\/div>\n\t\t\t\t\t<\/div>\n\t\t<\/div>\n\t\t\t\t\t<\/div>\n\t\t<\/section>\n\t\t\t\t<section class=\"elementor-section elementor-top-section elementor-element elementor-element-5a61592 elementor-section-boxed elementor-section-height-default elementor-section-height-default\" data-id=\"5a61592\" data-element_type=\"section\">\n\t\t\t\t\t\t<div class=\"elementor-container elementor-column-gap-default\">\n\t\t\t\t\t<div class=\"elementor-column elementor-col-50 elementor-top-column elementor-element elementor-element-00e54f4\" data-id=\"00e54f4\" data-element_type=\"column\">\n\t\t\t<div class=\"elementor-widget-wrap elementor-element-populated\">\n\t\t\t\t\t\t<section class=\"elementor-section elementor-inner-section elementor-element elementor-element-fe3d29a elementor-section-full_width elementor-section-content-middle elementor-section-height-default elementor-section-height-default\" data-id=\"fe3d29a\" data-element_type=\"section\">\n\t\t\t\t\t\t<div class=\"elementor-container elementor-column-gap-default\">\n\t\t\t\t\t<div class=\"elementor-column elementor-col-100 elementor-inner-column elementor-element elementor-element-893555f\" data-id=\"893555f\" data-element_type=\"column\">\n\t\t\t<div class=\"elementor-widget-wrap elementor-element-populated\">\n\t\t\t\t\t\t<div class=\"elementor-element elementor-element-3073e7d elementor-widget__width-initial elementor-widget elementor-widget-image\" data-id=\"3073e7d\" data-element_type=\"widget\" data-widget_type=\"image.default\">\n\t\t\t\t<div class=\"elementor-widget-container\">\n\t\t\t\t\t\t\t\t\t\t\t\t\t\t\t<img fetchpriority=\"high\" decoding=\"async\" width=\"768\" height=\"1024\" src=\"https:\/\/ponsglobal.org\/wp-content\/uploads\/2023\/06\/IMG_7418-768x1024.webp\" class=\"attachment-large size-large wp-image-725\" alt=\"\" srcset=\"https:\/\/ponsglobal.org\/wp-content\/uploads\/2023\/06\/IMG_7418-768x1024.webp 768w, https:\/\/ponsglobal.org\/wp-content\/uploads\/2023\/06\/IMG_7418-225x300.webp 225w, https:\/\/ponsglobal.org\/wp-content\/uploads\/2023\/06\/IMG_7418-1152x1536.webp 1152w, https:\/\/ponsglobal.org\/wp-content\/uploads\/2023\/06\/IMG_7418-1536x2048.webp 1536w, https:\/\/ponsglobal.org\/wp-content\/uploads\/2023\/06\/IMG_7418-9x12.webp 9w, https:\/\/ponsglobal.org\/wp-content\/uploads\/2023\/06\/IMG_7418-scaled.webp 1920w\" sizes=\"(max-width: 768px) 100vw, 768px\" \/>\t\t\t\t\t\t\t\t\t\t\t\t\t\t\t<\/div>\n\t\t\t\t<\/div>\n\t\t\t\t\t<\/div>\n\t\t<\/div>\n\t\t\t\t\t<\/div>\n\t\t<\/section>\n\t\t\t\t\t<\/div>\n\t\t<\/div>\n\t\t\t\t<div class=\"elementor-column elementor-col-50 elementor-top-column elementor-element elementor-element-c78074c\" data-id=\"c78074c\" data-element_type=\"column\">\n\t\t\t<div class=\"elementor-widget-wrap elementor-element-populated\">\n\t\t\t\t\t\t<div class=\"elementor-element elementor-element-b5dd1d4 elementor-widget elementor-widget-text-editor\" data-id=\"b5dd1d4\" data-element_type=\"widget\" data-widget_type=\"text-editor.default\">\n\t\t\t\t<div class=\"elementor-widget-container\">\n\t\t\t\t\t\t\t\t\t<p class=\"translation-block\">The mission and vision of O.T. is to see the lives of the most vulnerable children from our neighbourhood transformed alongside those of their families. Our focus is on the whole child and we seek to support their spiritual, social, intellectual, emotional and physical needs.<\/p>\n<p><\/p>\t\t\t\t\t\t\t\t<\/div>\n\t\t\t\t<\/div>\n\t\t\t\t\t<\/div>\n\t\t<\/div>\n\t\t\t\t\t<\/div>\n\t\t<\/section>\n\t\t\t\t<section class=\"elementor-section elementor-top-section elementor-element elementor-element-5724d22 elementor-section-boxed elementor-section-height-default elementor-section-height-default\" data-id=\"5724d22\" data-element_type=\"section\">\n\t\t\t\t\t\t<div class=\"elementor-container elementor-column-gap-default\">\n\t\t\t\t\t<div class=\"elementor-column elementor-col-100 elementor-top-column elementor-element elementor-element-374ac01\" data-id=\"374ac01\" data-element_type=\"column\">\n\t\t\t<div class=\"elementor-widget-wrap elementor-element-populated\">\n\t\t\t\t\t\t<div class=\"elementor-element elementor-element-80f5953 elementor-widget elementor-widget-heading\" data-id=\"80f5953\" data-element_type=\"widget\" data-widget_type=\"heading.default\">\n\t\t\t\t<div class=\"elementor-widget-container\">\n\t\t\t\t\t<h2 class=\"elementor-heading-title elementor-size-default\">Objectives<\/h2>\t\t\t\t<\/div>\n\t\t\t\t<\/div>\n\t\t\t\t<div class=\"elementor-element elementor-element-d0d3880 elementor-widget elementor-widget-text-editor\" data-id=\"d0d3880\" data-element_type=\"widget\" data-widget_type=\"text-editor.default\">\n\t\t\t\t<div class=\"elementor-widget-container\">\n\t\t\t\t\t\t\t\t\t<ul><li>Develop thriving children and adolescents who can overcome their spiritual, economic, social and physical poverty, providing them with the opportunity to become responsible and fulfilled citizens who can make a positive contribution to society.<\/li><li>Teach them the importance of healthy eating habits.<\/li><li>Look for partnerships and resources with other  institutions and foundations that can offer all kinds of specialised help for the children and adolescents of O.T.<\/li><li>Look for sponsorships, so that the children and adolescents of O.T. can have partial or total coverage of their basic needs, such as: items of personal hygiene, school supplies, toys and clothing.<\/li><li>Coordinate visits with medical care centers so that the O.T. children have access to services such as: dentistry, psychology, nutrition, physiotherapy, ophthalmology, and pediatrics.<\/li><li>Create personal hygiene habits before, during and after each meal aimed at improving the health of children and adolescents.<\/li><li>Equip parents by providing parenting workshops so that families can take more responsibility for the education and well-being of the children and adolescents.<\/li><\/ul>\t\t\t\t\t\t\t\t<\/div>\n\t\t\t\t<\/div>\n\t\t\t\t\t<\/div>\n\t\t<\/div>\n\t\t\t\t\t<\/div>\n\t\t<\/section>\n\t\t\t\t<\/div>","protected":false},"excerpt":{"rendered":"<p>Misi\u00f3n y visi\u00f3n La misi\u00f3n y visi\u00f3n de P.O.N.S. es ver las vidas de los ni\u00f1os y ni\u00f1as m\u00e1s vulnerables&nbsp;de nuestro sector edificadas y transformadas en conjunto con sus familias. &nbsp;Nuestro enfoque es integral&nbsp;y&nbsp;atiende a las necesidades espirituales, sociales, acad\u00e9micas, emocionales y&nbsp;f\u00edsicas de cada ni\u00f1o. Objetivos Edificar ni\u00f1os, ni\u00f1as y adolescentes saludables que superen su [&hellip;]<\/p>","protected":false},"author":1,"featured_media":0,"parent":0,"menu_order":0,"comment_status":"closed","ping_status":"closed","template":"","meta":{"footnotes":""},"class_list":["post-19","page","type-page","status-publish","hentry"],"_links":{"self":[{"href":"https:\/\/ponsglobal.org\/en\/wp-json\/wp\/v2\/pages\/19","targetHints":{"allow":["GET"]}}],"collection":[{"href":"https:\/\/ponsglobal.org\/en\/wp-json\/wp\/v2\/pages"}],"about":[{"href":"https:\/\/ponsglobal.org\/en\/wp-json\/wp\/v2\/types\/page"}],"author":[{"embeddable":true,"href":"https:\/\/ponsglobal.org\/en\/wp-json\/wp\/v2\/users\/1"}],"replies":[{"embeddable":true,"href":"https:\/\/ponsglobal.org\/en\/wp-json\/wp\/v2\/comments?post=19"}],"version-history":[{"count":68,"href":"https:\/\/ponsglobal.org\/en\/wp-json\/wp\/v2\/pages\/19\/revisions"}],"predecessor-version":[{"id":1280,"href":"https:\/\/ponsglobal.org\/en\/wp-json\/wp\/v2\/pages\/19\/revisions\/1280"}],"wp:attachment":[{"href":"https:\/\/ponsglobal.org\/en\/wp-json\/wp\/v2\/media?parent=19"}],"curies":[{"name":"wp","href":"https:\/\/api.w.org\/{rel}","templated":true}]}}