{"id":1099,"date":"2023-06-27T21:16:43","date_gmt":"2023-06-27T21:16:43","guid":{"rendered":"https:\/\/ponsglobal.org\/?page_id=1099"},"modified":"2023-07-29T05:34:37","modified_gmt":"2023-07-29T05:34:37","slug":"declaracion-de-fe","status":"publish","type":"page","link":"https:\/\/ponsglobal.org\/en\/declaracion-de-fe\/","title":{"rendered":"What we believe"},"content":{"rendered":"<div data-elementor-type=\"wp-page\" data-elementor-id=\"1099\" class=\"elementor elementor-1099\" data-elementor-post-type=\"page\">\n\t\t\t\t\t\t<section class=\"elementor-section elementor-top-section elementor-element elementor-element-050c8e8 elementor-section-full_width elementor-section-height-min-height elementor-section-stretched elementor-section-height-default elementor-section-items-middle\" data-id=\"050c8e8\" data-element_type=\"section\" data-settings=\"{&quot;stretch_section&quot;:&quot;section-stretched&quot;,&quot;background_background&quot;:&quot;classic&quot;}\">\n\t\t\t\t\t\t<div class=\"elementor-container elementor-column-gap-default\">\n\t\t\t\t\t<div class=\"elementor-column elementor-col-100 elementor-top-column elementor-element elementor-element-75f26c7\" data-id=\"75f26c7\" data-element_type=\"column\">\n\t\t\t<div class=\"elementor-widget-wrap elementor-element-populated\">\n\t\t\t\t\t\t<div class=\"elementor-element elementor-element-d7bdcf4 elementor-widget__width-initial elementor-widget elementor-widget-heading\" data-id=\"d7bdcf4\" data-element_type=\"widget\" data-widget_type=\"heading.default\">\n\t\t\t\t<div class=\"elementor-widget-container\">\n\t\t\t\t\t<h4 class=\"elementor-heading-title elementor-size-default\">What we believe<\/h4>\t\t\t\t<\/div>\n\t\t\t\t<\/div>\n\t\t\t\t\t<\/div>\n\t\t<\/div>\n\t\t\t\t\t<\/div>\n\t\t<\/section>\n\t\t\t\t<section class=\"elementor-section elementor-top-section elementor-element elementor-element-95c4c8c elementor-section-boxed elementor-section-height-default elementor-section-height-default\" data-id=\"95c4c8c\" data-element_type=\"section\">\n\t\t\t\t\t\t<div class=\"elementor-container elementor-column-gap-default\">\n\t\t\t\t\t<div class=\"elementor-column elementor-col-100 elementor-top-column elementor-element elementor-element-737bb5e\" data-id=\"737bb5e\" data-element_type=\"column\">\n\t\t\t<div class=\"elementor-widget-wrap elementor-element-populated\">\n\t\t\t\t\t\t<div class=\"elementor-element elementor-element-c705382 elementor-widget__width-initial elementor-widget elementor-widget-image\" data-id=\"c705382\" data-element_type=\"widget\" data-widget_type=\"image.default\">\n\t\t\t\t<div class=\"elementor-widget-container\">\n\t\t\t\t\t\t\t\t\t\t\t\t\t\t\t<img fetchpriority=\"high\" decoding=\"async\" width=\"768\" height=\"432\" src=\"https:\/\/ponsglobal.org\/wp-content\/uploads\/2023\/07\/20230707_122846-768x432.webp\" class=\"attachment-medium_large size-medium_large wp-image-1279\" alt=\"\" srcset=\"https:\/\/ponsglobal.org\/wp-content\/uploads\/2023\/07\/20230707_122846-768x432.webp 768w, https:\/\/ponsglobal.org\/wp-content\/uploads\/2023\/07\/20230707_122846-300x169.webp 300w, https:\/\/ponsglobal.org\/wp-content\/uploads\/2023\/07\/20230707_122846-1024x576.webp 1024w, https:\/\/ponsglobal.org\/wp-content\/uploads\/2023\/07\/20230707_122846-1536x864.webp 1536w, https:\/\/ponsglobal.org\/wp-content\/uploads\/2023\/07\/20230707_122846-2048x1152.webp 2048w, https:\/\/ponsglobal.org\/wp-content\/uploads\/2023\/07\/20230707_122846-18x10.webp 18w\" sizes=\"(max-width: 768px) 100vw, 768px\" \/>\t\t\t\t\t\t\t\t\t\t\t\t\t\t\t<\/div>\n\t\t\t\t<\/div>\n\t\t\t\t<div class=\"elementor-element elementor-element-f789ce8 elementor-widget elementor-widget-text-editor\" data-id=\"f789ce8\" data-element_type=\"widget\" data-widget_type=\"text-editor.default\">\n\t\t\t\t<div class=\"elementor-widget-container\">\n\t\t\t\t\t\t\t\t\t<p><span style=\"color: #202124; font-size: 21pt;\"><span lang=\"ES\" style=\"font-family: Calibri, sans-serif; text-indent: -18pt; font-size: 21pt; color: #202124;\">1. There is one God in three persons, the Father, the Son and the Holy Spirit.<\/span><\/span><\/p><p><span style=\"color: #202124; font-size: 21pt;\">2. God is sovereign in creation, revelation, redemption and final judgement.<\/span><\/p><p><span style=\"color: #202124; font-size: 21pt;\">3. The Bible, as originally given, is the inspired and infallible Word of God. It is the supreme authority in all matters of belief and behaviour.<\/span><\/p><p><span style=\"color: #202124; font-size: 21pt;\">4. Since the fall, the whole of humankind is sinful and guilty, so that everyone is subject to God's wrath and condemnation.<\/span><\/p><p><span style=\"color: #202124; font-size: 21pt;\">5. The Lord Jesus Christ, God's incarnate Son, is fully God; he was born of a virgin; his humanity is real and sinless; he died on the cross, was raised bodily from death and is now reigning over heaven and earth.<\/span><\/p><p><span style=\"color: #202124; font-size: 21pt;\">6. Sinful human beings are redeemed from the guilt, penalty and power of sin only through the sacrificial death once and for all time of their representative and substitute, Jesus Christ, the only mediator between them and God.<\/span><\/p><p><span style=\"color: #202124; font-size: 21pt;\">7. Those who believe in Christ are pardoned all their sins and accepted in God's sight only because of the righteousness of Christ credited to them; this justification is God's act of undeserved mercy, received solely by trust in him and not by their own efforts.<\/span><\/p><p><span style=\"color: #202124; font-size: 21pt;\">8. The Holy Spirit alone makes the work of Christ effective to individual sinners, enabling them to turn to God from their sin and to trust in Jesus Christ.<\/span><\/p><p><span style=\"color: #202124; font-size: 21pt;\">9. The Holy Spirit lives in all those he has regenerated. He makes them increasingly Christlike in character and behaviour and gives them power for their witness in the world.<\/span><\/p><p><span style=\"color: #202124; font-size: 21pt;\">10. The one holy universal church is the Body of Christ, to which all true believers belong.<\/span><\/p><p><span style=\"color: #202124; font-size: 21pt;\">11. The Lord Jesus Christ will return in person, to judge everyone, to execute God's just condemnation on those who have not repented and to receive the redeemed to eternal glory.<\/span><\/p>\t\t\t\t\t\t\t\t<\/div>\n\t\t\t\t<\/div>\n\t\t\t\t\t<\/div>\n\t\t<\/div>\n\t\t\t\t\t<\/div>\n\t\t<\/section>\n\t\t\t\t<\/div>","protected":false},"excerpt":{"rendered":"<p>Declaraci\u00f3n de fe 1. Hay un solo Dios en tres personas, el Padre, el Hijo y el Esp\u00edritu Santo. 2. Dios es soberano en todo: la creaci\u00f3n, revelaci\u00f3n, redenci\u00f3n y juicio final. 3. La Biblia, tal como fue dada originalmente, es la Palabra de Dios inspirada e infalible. Es la autoridad suprema en todos los [&hellip;]<\/p>","protected":false},"author":1,"featured_media":0,"parent":0,"menu_order":0,"comment_status":"closed","ping_status":"closed","template":"","meta":{"footnotes":""},"class_list":["post-1099","page","type-page","status-publish","hentry"],"_links":{"self":[{"href":"https:\/\/ponsglobal.org\/en\/wp-json\/wp\/v2\/pages\/1099","targetHints":{"allow":["GET"]}}],"collection":[{"href":"https:\/\/ponsglobal.org\/en\/wp-json\/wp\/v2\/pages"}],"about":[{"href":"https:\/\/ponsglobal.org\/en\/wp-json\/wp\/v2\/types\/page"}],"author":[{"embeddable":true,"href":"https:\/\/ponsglobal.org\/en\/wp-json\/wp\/v2\/users\/1"}],"replies":[{"embeddable":true,"href":"https:\/\/ponsglobal.org\/en\/wp-json\/wp\/v2\/comments?post=1099"}],"version-history":[{"count":34,"href":"https:\/\/ponsglobal.org\/en\/wp-json\/wp\/v2\/pages\/1099\/revisions"}],"predecessor-version":[{"id":1378,"href":"https:\/\/ponsglobal.org\/en\/wp-json\/wp\/v2\/pages\/1099\/revisions\/1378"}],"wp:attachment":[{"href":"https:\/\/ponsglobal.org\/en\/wp-json\/wp\/v2\/media?parent=1099"}],"curies":[{"name":"wp","href":"https:\/\/api.w.org\/{rel}","templated":true}]}}